{"id":611,"date":"2022-07-19T16:25:53","date_gmt":"2022-07-19T16:25:53","guid":{"rendered":"https:\/\/www.legaragedumetal.fr\/?page_id=611"},"modified":"2024-03-04T11:18:15","modified_gmt":"2024-03-04T10:18:15","slug":"enregistrement-mixage-mastering","status":"publish","type":"page","link":"https:\/\/www.legaragedumetal.fr\/index.php\/enregistrement-mixage-mastering\/","title":{"rendered":"Enregistrement \/ Mix \/ Mastering"},"content":{"rendered":"\t\t<div data-elementor-type=\"wp-page\" data-elementor-id=\"611\" class=\"elementor elementor-611\">\n\t\t\t\t\t\t<section class=\"elementor-section elementor-top-section elementor-element elementor-element-710ca3d elementor-section-boxed elementor-section-height-default elementor-section-height-default\" data-id=\"710ca3d\" data-element_type=\"section\" data-e-type=\"section\">\n\t\t\t\t\t\t<div class=\"elementor-container elementor-column-gap-default\">\n\t\t\t\t\t<div class=\"elementor-column elementor-col-100 elementor-top-column elementor-element elementor-element-948bd24\" data-id=\"948bd24\" data-element_type=\"column\" data-e-type=\"column\">\n\t\t\t<div class=\"elementor-widget-wrap elementor-element-populated\">\n\t\t\t\t\t\t<div class=\"elementor-element elementor-element-f0d89c2 elementor-widget elementor-widget-heading\" data-id=\"f0d89c2\" data-element_type=\"widget\" data-e-type=\"widget\" data-widget_type=\"heading.default\">\n\t\t\t\t<div class=\"elementor-widget-container\">\n\t\t\t\t\t<h2 class=\"elementor-heading-title elementor-size-default\">Enregistrement \/ Mixage \/ Mastering<\/h2>\t\t\t\t<\/div>\n\t\t\t\t<\/div>\n\t\t\t\t\t<\/div>\n\t\t<\/div>\n\t\t\t\t\t<\/div>\n\t\t<\/section>\n\t\t\t\t<section class=\"elementor-section elementor-top-section elementor-element elementor-element-5c69608 elementor-section-boxed elementor-section-height-default elementor-section-height-default\" data-id=\"5c69608\" data-element_type=\"section\" data-e-type=\"section\">\n\t\t\t\t\t\t<div class=\"elementor-container elementor-column-gap-default\">\n\t\t\t\t\t<div class=\"elementor-column elementor-col-100 elementor-top-column elementor-element elementor-element-a3e4270\" data-id=\"a3e4270\" data-element_type=\"column\" data-e-type=\"column\">\n\t\t\t<div class=\"elementor-widget-wrap elementor-element-populated\">\n\t\t\t\t\t\t<div class=\"elementor-element elementor-element-3521a59 elementor-widget elementor-widget-text-editor\" data-id=\"3521a59\" data-element_type=\"widget\" data-e-type=\"widget\" data-widget_type=\"text-editor.default\">\n\t\t\t\t<div class=\"elementor-widget-container\">\n\t\t\t\t\t\t\t\t\t<p>Activit\u00e9s en cours de d\u00e9veloppement <i>(offres \u00e0 venir)<\/i><\/p>\t\t\t\t\t\t\t\t<\/div>\n\t\t\t\t<\/div>\n\t\t\t\t<div class=\"elementor-element elementor-element-da88ac9 elementor-widget elementor-widget-button\" data-id=\"da88ac9\" data-element_type=\"widget\" data-e-type=\"widget\" data-widget_type=\"button.default\">\n\t\t\t\t<div class=\"elementor-widget-container\">\n\t\t\t\t\t\t\t\t\t<div class=\"elementor-button-wrapper\">\n\t\t\t\t\t<a class=\"elementor-button elementor-button-link elementor-size-sm\" href=\"index.php\/contact\/\">\n\t\t\t\t\t\t<span class=\"elementor-button-content-wrapper\">\n\t\t\t\t\t\t\t\t\t<span class=\"elementor-button-text\">Prendre contact<\/span>\n\t\t\t\t\t<\/span>\n\t\t\t\t\t<\/a>\n\t\t\t\t<\/div>\n\t\t\t\t\t\t\t\t<\/div>\n\t\t\t\t<\/div>\n\t\t\t\t\t<\/div>\n\t\t<\/div>\n\t\t\t\t\t<\/div>\n\t\t<\/section>\n\t\t\t\t<section class=\"elementor-section elementor-top-section elementor-element elementor-element-ed14acd elementor-section-boxed elementor-section-height-default elementor-section-height-default\" data-id=\"ed14acd\" data-element_type=\"section\" data-e-type=\"section\">\n\t\t\t\t\t\t<div class=\"elementor-container elementor-column-gap-default\">\n\t\t\t\t\t<div class=\"elementor-column elementor-col-100 elementor-top-column elementor-element elementor-element-dd79868\" data-id=\"dd79868\" data-element_type=\"column\" data-e-type=\"column\">\n\t\t\t<div class=\"elementor-widget-wrap elementor-element-populated\">\n\t\t\t\t\t\t<div class=\"elementor-element elementor-element-36fdc40 elementor-widget elementor-widget-text-editor\" data-id=\"36fdc40\" data-element_type=\"widget\" data-e-type=\"widget\" data-widget_type=\"text-editor.default\">\n\t\t\t\t<div class=\"elementor-widget-container\">\n\t\t\t\t\t\t\t\t\t01120 Dagneux, 01120 La Boisse, 01120 Montluel, 01120 Ni\u00e8vroz, 01120 Thil, 01120 Ni\u00e9vroz, 01120 Pizay, 01120 Sainte Croix\u00a0<br \/><br \/>01360 Balan, 01360 B\u00e9ligneux, 01360 Bressoles, 01360 Loyettes<br \/><br \/>01700 Beynost, 01700 Miribel, 01700 Neyron, 01700 Saint-Maurice de Beynost<br \/><br \/>01800 Saint-Maurice de Gourdans<br \/><br \/>38230 Charvieu Chavagneux, 38230 Chavanoz, 38230 Pont de Ch\u00e9ruy, 38230 Tigneu Jameyzieu<br \/><br \/>38280 Villette d&rsquo;Anthon, 38280 Anthon, 38280 Janneyrias<br \/><br \/>38290 Frontonas, 38290 La Verpill\u00e8re, 38290 Satolas et Bonce<br \/><br \/>69120 Vaulx en Velin<br \/><br \/>69124 Colombier Saugneu, 69125<br \/><br \/>69140 Rillieux la Pape<br \/><br \/>69150 Decines Charpieu<br \/><br \/>69330 Jonage, 69330 Jons, 69330 Meyzieu, 69330 Pusignan<br \/><br \/>69500 Bron<br \/><br \/>69680 Chassieu<br \/><br \/>69720 Saint-Bonnet de Mure, 69720 Saint-Laurent de Mure<br \/><br \/>69740 Genas<br \/><br \/>69800 Saint-Priest\t\t\t\t\t\t\t\t<\/div>\n\t\t\t\t<\/div>\n\t\t\t\t\t<\/div>\n\t\t<\/div>\n\t\t\t\t\t<\/div>\n\t\t<\/section>\n\t\t\t\t<\/div>\n\t\t","protected":false},"excerpt":{"rendered":"<p>Enregistrement \/ Mixage \/ Mastering Activit\u00e9s en cours de d\u00e9veloppement (offres \u00e0 venir) Prendre contact 01120 Dagneux, 01120 La Boisse, 01120 Montluel, 01120 Ni\u00e8vroz, 01120 Thil, 01120 Ni\u00e9vroz, 01120 Pizay, 01120 Sainte Croix\u00a0 01360 Balan, 01360 B\u00e9ligneux, 01360 Bressoles, 01360 Loyettes 01700 Beynost, 01700 Miribel, 01700 Neyron, 01700 Saint-Maurice de Beynost 01800 Saint-Maurice de Gourdans [&hellip;]<\/p>\n","protected":false},"author":3,"featured_media":0,"parent":0,"menu_order":0,"comment_status":"closed","ping_status":"closed","template":"elementor_header_footer","meta":{"footnotes":""},"class_list":["post-611","page","type-page","status-publish","hentry"],"_links":{"self":[{"href":"https:\/\/www.legaragedumetal.fr\/index.php\/wp-json\/wp\/v2\/pages\/611","targetHints":{"allow":["GET"]}}],"collection":[{"href":"https:\/\/www.legaragedumetal.fr\/index.php\/wp-json\/wp\/v2\/pages"}],"about":[{"href":"https:\/\/www.legaragedumetal.fr\/index.php\/wp-json\/wp\/v2\/types\/page"}],"author":[{"embeddable":true,"href":"https:\/\/www.legaragedumetal.fr\/index.php\/wp-json\/wp\/v2\/users\/3"}],"replies":[{"embeddable":true,"href":"https:\/\/www.legaragedumetal.fr\/index.php\/wp-json\/wp\/v2\/comments?post=611"}],"version-history":[{"count":47,"href":"https:\/\/www.legaragedumetal.fr\/index.php\/wp-json\/wp\/v2\/pages\/611\/revisions"}],"predecessor-version":[{"id":1695,"href":"https:\/\/www.legaragedumetal.fr\/index.php\/wp-json\/wp\/v2\/pages\/611\/revisions\/1695"}],"wp:attachment":[{"href":"https:\/\/www.legaragedumetal.fr\/index.php\/wp-json\/wp\/v2\/media?parent=611"}],"curies":[{"name":"wp","href":"https:\/\/api.w.org\/{rel}","templated":true}]}}