{"id":328,"date":"2022-07-13T15:02:45","date_gmt":"2022-07-13T15:02:45","guid":{"rendered":"https:\/\/www.legaragedumetal.fr\/?page_id=328"},"modified":"2024-03-04T11:19:16","modified_gmt":"2024-03-04T10:19:16","slug":"test","status":"publish","type":"page","link":"https:\/\/www.legaragedumetal.fr\/","title":{"rendered":"Accueil"},"content":{"rendered":"\t\t<div data-elementor-type=\"wp-page\" data-elementor-id=\"328\" class=\"elementor elementor-328\">\n\t\t\t\t\t\t<section class=\"elementor-section elementor-top-section elementor-element elementor-element-3bc72608 elementor-section-boxed elementor-section-height-default elementor-section-height-default\" data-id=\"3bc72608\" data-element_type=\"section\" data-e-type=\"section\">\n\t\t\t\t\t\t<div class=\"elementor-container elementor-column-gap-default\">\n\t\t\t\t\t<div class=\"elementor-column elementor-col-100 elementor-top-column elementor-element elementor-element-3e24cd8e\" data-id=\"3e24cd8e\" data-element_type=\"column\" data-e-type=\"column\">\n\t\t\t<div class=\"elementor-widget-wrap elementor-element-populated\">\n\t\t\t\t\t\t<div class=\"elementor-element elementor-element-48d95fd elementor-widget elementor-widget-heading\" data-id=\"48d95fd\" data-element_type=\"widget\" data-e-type=\"widget\" data-widget_type=\"heading.default\">\n\t\t\t\t<div class=\"elementor-widget-container\">\n\t\t\t\t\t<h2 class=\"elementor-heading-title elementor-size-default\">Accueil<\/h2>\t\t\t\t<\/div>\n\t\t\t\t<\/div>\n\t\t\t\t<div class=\"elementor-element elementor-element-10190887 elementor-widget elementor-widget-text-editor\" data-id=\"10190887\" data-element_type=\"widget\" data-e-type=\"widget\" data-widget_type=\"text-editor.default\">\n\t\t\t\t<div class=\"elementor-widget-container\">\n\t\t\t\t\t\t\t\t\t<p><\/p>\n<figure class=\"wp-block-image size-large\">\n<figure id=\"attachment_1456\" aria-describedby=\"caption-attachment-1456\" style=\"width: 1902px\" class=\"wp-caption alignnone\"><img fetchpriority=\"high\" decoding=\"async\" class=\"wp-image-1456 size-full\" title=\"Le Garage Du Metal\" src=\"https:\/\/www.legaragedumetal.fr\/wp-content\/uploads\/2023\/02\/LGDM-portes-bois-fond-reduit-.png\" alt=\"Le Garage Du Metal\" width=\"1902\" height=\"961\" srcset=\"https:\/\/www.legaragedumetal.fr\/wp-content\/uploads\/2023\/02\/LGDM-portes-bois-fond-reduit-.png 1902w, https:\/\/www.legaragedumetal.fr\/wp-content\/uploads\/2023\/02\/LGDM-portes-bois-fond-reduit--300x152.png 300w, https:\/\/www.legaragedumetal.fr\/wp-content\/uploads\/2023\/02\/LGDM-portes-bois-fond-reduit--1024x517.png 1024w, https:\/\/www.legaragedumetal.fr\/wp-content\/uploads\/2023\/02\/LGDM-portes-bois-fond-reduit--768x388.png 768w, https:\/\/www.legaragedumetal.fr\/wp-content\/uploads\/2023\/02\/LGDM-portes-bois-fond-reduit--1536x776.png 1536w\" sizes=\"(max-width: 1902px) 100vw, 1902px\" \/><figcaption id=\"caption-attachment-1456\" class=\"wp-caption-text\">Studio de musique sp\u00e9cialis\u00e9 dans le Metal et situ\u00e9 dans l\u2019est lyonnais (69330 Jonage)<\/figcaption><\/figure>\n<\/figure>\n<p><\/p>\n<p><\/p>\n<p><\/p>\n<p><\/p>\n<p><\/p>\n<p><\/p>\n<p>\u00a0<\/p>\n<p><\/p>\t\t\t\t\t\t\t\t<\/div>\n\t\t\t\t<\/div>\n\t\t\t\t\t<\/div>\n\t\t<\/div>\n\t\t\t\t\t<\/div>\n\t\t<\/section>\n\t\t\t\t<section class=\"elementor-section elementor-top-section elementor-element elementor-element-0c21c0c elementor-section-boxed elementor-section-height-default elementor-section-height-default\" data-id=\"0c21c0c\" data-element_type=\"section\" data-e-type=\"section\">\n\t\t\t\t\t\t<div class=\"elementor-container elementor-column-gap-default\">\n\t\t\t\t\t<div class=\"elementor-column elementor-col-100 elementor-top-column elementor-element elementor-element-acef99c\" data-id=\"acef99c\" data-element_type=\"column\" data-e-type=\"column\">\n\t\t\t<div class=\"elementor-widget-wrap elementor-element-populated\">\n\t\t\t\t\t\t<div class=\"elementor-element elementor-element-18f871e elementor-widget elementor-widget-heading\" data-id=\"18f871e\" data-element_type=\"widget\" data-e-type=\"widget\" data-widget_type=\"heading.default\">\n\t\t\t\t<div class=\"elementor-widget-container\">\n\t\t\t\t\t<h2 class=\"elementor-heading-title elementor-size-default\">Cours de guitare \u00e9lectrique<\/h2>\t\t\t\t<\/div>\n\t\t\t\t<\/div>\n\t\t\t\t<div class=\"elementor-element elementor-element-f39297c elementor-widget elementor-widget-text-editor\" data-id=\"f39297c\" data-element_type=\"widget\" data-e-type=\"widget\" data-widget_type=\"text-editor.default\">\n\t\t\t\t<div class=\"elementor-widget-container\">\n\t\t\t\t\t\t\t\t\t<p>Pour les niveaux d\u00e9butant, interm\u00e9diaire et confirm\u00e9, en cours particulier ou \u00e0 2 \u00e9l\u00e8ves <i>(formule duo)<\/i><\/p>\n<p><b>Offre rencontre\/d\u00e9couverte :<\/b> 1 h de cours gratuite, sans engagement <i>(offre r\u00e9serv\u00e9e aux nouveaux arrivants uniquement)<\/i><\/p>\n<p><b>Tarifs solidaires * :<\/b> -40 % sur le tarif des cours particuliers ;&nbsp;<span style=\"font-family: var( --e-global-typography-text-font-family ), Sans-serif; font-weight: var( --e-global-typography-text-font-weight ); letter-spacing: 0.3px;\">-37,5 % sur le tarif des cours en formule duo&nbsp;<\/span><\/p>\n<p><span style=\"font-family: var( --e-global-typography-text-font-family ), Sans-serif; font-weight: var( --e-global-typography-text-font-weight ); letter-spacing: 0.3px;\"><i>* : (offres r\u00e9serv\u00e9es aux personnes justifiant de bas revenus ou une situation particuli\u00e8re ; ex : personne sans emploi, allocataire du RSA, de l&rsquo;AHH, parent isol\u00e9, etc.)<\/i><\/span><\/p>\t\t\t\t\t\t\t\t<\/div>\n\t\t\t\t<\/div>\n\t\t\t\t<div class=\"elementor-element elementor-element-fbc737a elementor-widget elementor-widget-button\" data-id=\"fbc737a\" data-element_type=\"widget\" data-e-type=\"widget\" data-widget_type=\"button.default\">\n\t\t\t\t<div class=\"elementor-widget-container\">\n\t\t\t\t\t\t\t\t\t<div class=\"elementor-button-wrapper\">\n\t\t\t\t\t<a class=\"elementor-button elementor-button-link elementor-size-sm\" href=\"index.php\/les-cours\/\">\n\t\t\t\t\t\t<span class=\"elementor-button-content-wrapper\">\n\t\t\t\t\t\t\t\t\t<span class=\"elementor-button-text\">En savoir plus sur les cours de guitare et les offres associ\u00e9es<\/span>\n\t\t\t\t\t<\/span>\n\t\t\t\t\t<\/a>\n\t\t\t\t<\/div>\n\t\t\t\t\t\t\t\t<\/div>\n\t\t\t\t<\/div>\n\t\t\t\t\t<\/div>\n\t\t<\/div>\n\t\t\t\t\t<\/div>\n\t\t<\/section>\n\t\t\t\t<section class=\"elementor-section elementor-top-section elementor-element elementor-element-4464c31 elementor-section-boxed elementor-section-height-default elementor-section-height-default\" data-id=\"4464c31\" data-element_type=\"section\" data-e-type=\"section\">\n\t\t\t\t\t\t<div class=\"elementor-container elementor-column-gap-default\">\n\t\t\t\t\t<div class=\"elementor-column elementor-col-100 elementor-top-column elementor-element elementor-element-bd9a6ca\" data-id=\"bd9a6ca\" data-element_type=\"column\" data-e-type=\"column\">\n\t\t\t<div class=\"elementor-widget-wrap elementor-element-populated\">\n\t\t\t\t\t\t<div class=\"elementor-element elementor-element-d65330a elementor-widget elementor-widget-heading\" data-id=\"d65330a\" data-element_type=\"widget\" data-e-type=\"widget\" data-widget_type=\"heading.default\">\n\t\t\t\t<div class=\"elementor-widget-container\">\n\t\t\t\t\t<h2 class=\"elementor-heading-title elementor-size-default\">Local de r\u00e9p\u00e9tition am\u00e9nag\u00e9 et \u00e9quip\u00e9<\/h2>\t\t\t\t<\/div>\n\t\t\t\t<\/div>\n\t\t\t\t<div class=\"elementor-element elementor-element-962364c elementor-widget elementor-widget-text-editor\" data-id=\"962364c\" data-element_type=\"widget\" data-e-type=\"widget\" data-widget_type=\"text-editor.default\">\n\t\t\t\t<div class=\"elementor-widget-container\">\n\t\t\t\t\t\t\t\t\t<p><b>Offre d\u00e9couverte :<\/b> premi\u00e8re heure gratuite de location du local de r\u00e9p\u00e9tition <i>(offre r\u00e9serv\u00e9e aux nouveaux arrivants uniquement)<\/i><\/p>\t\t\t\t\t\t\t\t<\/div>\n\t\t\t\t<\/div>\n\t\t\t\t<div class=\"elementor-element elementor-element-1370863 elementor-widget elementor-widget-button\" data-id=\"1370863\" data-element_type=\"widget\" data-e-type=\"widget\" data-widget_type=\"button.default\">\n\t\t\t\t<div class=\"elementor-widget-container\">\n\t\t\t\t\t\t\t\t\t<div class=\"elementor-button-wrapper\">\n\t\t\t\t\t<a class=\"elementor-button elementor-button-link elementor-size-sm\" href=\"index.php\/local-de-repetition\/\">\n\t\t\t\t\t\t<span class=\"elementor-button-content-wrapper\">\n\t\t\t\t\t\t\t\t\t<span class=\"elementor-button-text\">En savoir plus sur le local de r\u00e9p\u00e9tition et les offres associ\u00e9es<\/span>\n\t\t\t\t\t<\/span>\n\t\t\t\t\t<\/a>\n\t\t\t\t<\/div>\n\t\t\t\t\t\t\t\t<\/div>\n\t\t\t\t<\/div>\n\t\t\t\t\t<\/div>\n\t\t<\/div>\n\t\t\t\t\t<\/div>\n\t\t<\/section>\n\t\t\t\t<section class=\"elementor-section elementor-top-section elementor-element elementor-element-d51db98 elementor-section-boxed elementor-section-height-default elementor-section-height-default\" data-id=\"d51db98\" data-element_type=\"section\" data-e-type=\"section\">\n\t\t\t\t\t\t<div class=\"elementor-container elementor-column-gap-default\">\n\t\t\t\t\t<div class=\"elementor-column elementor-col-100 elementor-top-column elementor-element elementor-element-7739a95\" data-id=\"7739a95\" data-element_type=\"column\" data-e-type=\"column\">\n\t\t\t<div class=\"elementor-widget-wrap elementor-element-populated\">\n\t\t\t\t\t\t<div class=\"elementor-element elementor-element-74161bf elementor-widget elementor-widget-heading\" data-id=\"74161bf\" data-element_type=\"widget\" data-e-type=\"widget\" data-widget_type=\"heading.default\">\n\t\t\t\t<div class=\"elementor-widget-container\">\n\t\t\t\t\t<h2 class=\"elementor-heading-title elementor-size-default\">Enregistrement \/ mixage \/ mastering<\/h2>\t\t\t\t<\/div>\n\t\t\t\t<\/div>\n\t\t\t\t<div class=\"elementor-element elementor-element-37d2612 elementor-widget elementor-widget-text-editor\" data-id=\"37d2612\" data-element_type=\"widget\" data-e-type=\"widget\" data-widget_type=\"text-editor.default\">\n\t\t\t\t<div class=\"elementor-widget-container\">\n\t\t\t\t\t\t\t\t\t<p>Prochainement<\/p>\t\t\t\t\t\t\t\t<\/div>\n\t\t\t\t<\/div>\n\t\t\t\t<div class=\"elementor-element elementor-element-8bfd746 elementor-widget elementor-widget-button\" data-id=\"8bfd746\" data-element_type=\"widget\" data-e-type=\"widget\" data-widget_type=\"button.default\">\n\t\t\t\t<div class=\"elementor-widget-container\">\n\t\t\t\t\t\t\t\t\t<div class=\"elementor-button-wrapper\">\n\t\t\t\t\t<a class=\"elementor-button elementor-button-link elementor-size-sm\" href=\"index.php\/contact\/\">\n\t\t\t\t\t\t<span class=\"elementor-button-content-wrapper\">\n\t\t\t\t\t\t\t\t\t<span class=\"elementor-button-text\">Prendre contact<\/span>\n\t\t\t\t\t<\/span>\n\t\t\t\t\t<\/a>\n\t\t\t\t<\/div>\n\t\t\t\t\t\t\t\t<\/div>\n\t\t\t\t<\/div>\n\t\t\t\t\t<\/div>\n\t\t<\/div>\n\t\t\t\t\t<\/div>\n\t\t<\/section>\n\t\t\t\t<section class=\"elementor-section elementor-top-section elementor-element elementor-element-b612ca1 elementor-section-boxed elementor-section-height-default elementor-section-height-default\" data-id=\"b612ca1\" data-element_type=\"section\" data-e-type=\"section\">\n\t\t\t\t\t\t<div class=\"elementor-container elementor-column-gap-default\">\n\t\t\t\t\t<div class=\"elementor-column elementor-col-100 elementor-top-column elementor-element elementor-element-a67b106\" data-id=\"a67b106\" data-element_type=\"column\" data-e-type=\"column\">\n\t\t\t<div class=\"elementor-widget-wrap elementor-element-populated\">\n\t\t\t\t\t\t<div class=\"elementor-element elementor-element-c868c9b elementor-widget elementor-widget-text-editor\" data-id=\"c868c9b\" data-element_type=\"widget\" data-e-type=\"widget\" data-widget_type=\"text-editor.default\">\n\t\t\t\t<div class=\"elementor-widget-container\">\n\t\t\t\t\t\t\t\t\t01120 Dagneux, 01120 La Boisse, 01120 Montluel, 01120 Ni\u00e8vroz, 01120 Thil, 01120 Ni\u00e9vroz, 01120 Pizay, 01120 Sainte Croix\u00a0<br \/><br \/>01360 Balan, 01360 B\u00e9ligneux, 01360 Bressoles, 01360 Loyettes<br \/><br \/>01700 Beynost, 01700 Miribel, 01700 Neyron, 01700 Saint-Maurice de Beynost<br \/><br \/>01800 Saint-Maurice de Gourdans<br \/><br \/>38230 Charvieu Chavagneux, 38230 Chavanoz, 38230 Pont de Ch\u00e9ruy, 38230 Tigneu Jameyzieu<br \/><br \/>38280 Villette d&rsquo;Anthon, 38280 Anthon, 38280 Janneyrias<br \/><br \/>38290 Frontonas, 38290 La Verpill\u00e8re, 38290 Satolas et Bonce<br \/><br \/>69120 Vaulx en Velin<br \/><br \/>69124 Colombier Saugneu, 69125<br \/><br \/>69140 Rillieux la Pape<br \/><br \/>69150 Decines Charpieu<br \/><br \/>69330 Jonage, 69330 Jons, 69330 Meyzieu, 69330 Pusignan<br \/><br \/>69500 Bron<br \/><br \/>69680 Chassieu<br \/><br \/>69720 Saint-Bonnet de Mure, 69720 Saint-Laurent de Mure<br \/><br \/>69740 Genas<br \/><br \/>69800 Saint-Priest\t\t\t\t\t\t\t\t<\/div>\n\t\t\t\t<\/div>\n\t\t\t\t\t<\/div>\n\t\t<\/div>\n\t\t\t\t\t<\/div>\n\t\t<\/section>\n\t\t\t\t<\/div>\n\t\t","protected":false},"excerpt":{"rendered":"<p>Accueil \u00a0 Cours de guitare \u00e9lectrique Pour les niveaux d\u00e9butant, interm\u00e9diaire et confirm\u00e9, en cours particulier ou \u00e0 2 \u00e9l\u00e8ves (formule duo) Offre rencontre\/d\u00e9couverte : 1 h de cours gratuite, sans engagement (offre r\u00e9serv\u00e9e aux nouveaux arrivants uniquement) Tarifs solidaires * : -40 % sur le tarif des cours particuliers ;&nbsp;-37,5 % sur le tarif [&hellip;]<\/p>\n","protected":false},"author":5,"featured_media":0,"parent":0,"menu_order":0,"comment_status":"closed","ping_status":"closed","template":"elementor_header_footer","meta":{"footnotes":""},"class_list":["post-328","page","type-page","status-publish","hentry"],"_links":{"self":[{"href":"https:\/\/www.legaragedumetal.fr\/index.php\/wp-json\/wp\/v2\/pages\/328","targetHints":{"allow":["GET"]}}],"collection":[{"href":"https:\/\/www.legaragedumetal.fr\/index.php\/wp-json\/wp\/v2\/pages"}],"about":[{"href":"https:\/\/www.legaragedumetal.fr\/index.php\/wp-json\/wp\/v2\/types\/page"}],"author":[{"embeddable":true,"href":"https:\/\/www.legaragedumetal.fr\/index.php\/wp-json\/wp\/v2\/users\/5"}],"replies":[{"embeddable":true,"href":"https:\/\/www.legaragedumetal.fr\/index.php\/wp-json\/wp\/v2\/comments?post=328"}],"version-history":[{"count":228,"href":"https:\/\/www.legaragedumetal.fr\/index.php\/wp-json\/wp\/v2\/pages\/328\/revisions"}],"predecessor-version":[{"id":1720,"href":"https:\/\/www.legaragedumetal.fr\/index.php\/wp-json\/wp\/v2\/pages\/328\/revisions\/1720"}],"wp:attachment":[{"href":"https:\/\/www.legaragedumetal.fr\/index.php\/wp-json\/wp\/v2\/media?parent=328"}],"curies":[{"name":"wp","href":"https:\/\/api.w.org\/{rel}","templated":true}]}}